{"id":15,"date":"2019-06-21T13:54:57","date_gmt":"2019-06-21T11:54:57","guid":{"rendered":"https:\/\/elluchador.ch\/?page_id=15"},"modified":"2022-11-03T10:15:31","modified_gmt":"2022-11-03T09:15:31","slug":"catering-food-truck","status":"publish","type":"page","link":"https:\/\/elluchador.ch\/home\/home\/catering-food-truck\/","title":{"rendered":"Catering\/Food Truck"},"content":{"rendered":"<p><div class=\"fusion-fullwidth fullwidth-box fusion-builder-row-1 nonhundred-percent-fullwidth non-hundred-percent-height-scrolling\" style=\"background-color: rgba(255,255,255,0);background-position: center center;background-repeat: no-repeat;padding-top:0px;padding-right:0px;padding-bottom:0px;padding-left:0px;margin-bottom: 0px;margin-top: 0px;border-width: 0px 0px 0px 0px;border-color:#eae9e9;border-style:solid;\" ><div class=\"fusion-builder-row fusion-row\"><div class=\"fusion-layout-column fusion_builder_column fusion-builder-column-0 fusion_builder_column_1_1 1_1 fusion-one-full fusion-column-first fusion-column-last\" style=\"margin-top:0px;margin-bottom:20px;\"><div class=\"fusion-column-wrapper fusion-flex-column-wrapper-legacy\" style=\"background-position:left top;background-repeat:no-repeat;-webkit-background-size:cover;-moz-background-size:cover;-o-background-size:cover;background-size:cover;padding: 0px 0px 0px 0px;\"><style type=\"text\/css\"><\/style><div class=\"fusion-title title fusion-title-1 fusion-sep-none fusion-title-center fusion-title-text fusion-title-size-one\" style=\"margin-top:0px;margin-right:0px;margin-bottom:31px;margin-left:0px;\"><h1 class=\"title-heading-center\" style=\"margin:0;\">Luchador Catering und Food Truck<\/h1><\/div><div class=\"fusion-text fusion-text-1 zentriert\"><p>Die besten Tacos von Z\u00fcrich gibt es auch ausserhalb des El Luchador&#8217;s zu geniessen \u2013 mit unserem Food Truck kommen wir direkt zu dir!<br \/>\nIst deine Veranstaltung ist vielleicht eher famili\u00e4r, dann haben wir eine L\u00f6sung mit Ihrem Lieblingsessen in Buffet-Form f\u00fcr Sie, wenn Sie w\u00fcnschen mit auch eigenem Koch!!<br \/>\nTIPP: Fragen Sie nach unserem frozen\u00a0Margarita-Slushy!!<\/p>\n<\/div><div class=\"fusion-clearfix\"><\/div><\/div><\/div><\/div><\/div><div class=\"fusion-fullwidth fullwidth-box fusion-builder-row-2 nonhundred-percent-fullwidth non-hundred-percent-height-scrolling\" style=\"background-color: rgba(255,255,255,0);background-position: center center;background-repeat: no-repeat;padding-top:0px;padding-right:0px;padding-bottom:0px;padding-left:0px;margin-bottom: 0px;margin-top: 0px;border-width: 0px 0px 0px 0px;border-color:#eae9e9;border-style:solid;\" ><div class=\"fusion-builder-row fusion-row\"><div class=\"fusion-layout-column fusion_builder_column fusion-builder-column-1 fusion_builder_column_1_2 1_2 fusion-one-half fusion-column-first\" style=\"width:50%;width:calc(50% - ( ( 4% ) * 0.5 ) );margin-right: 4%;margin-top:0px;margin-bottom:20px;\"><div class=\"fusion-column-wrapper fusion-flex-column-wrapper-legacy\" style=\"background-position:left top;background-repeat:no-repeat;-webkit-background-size:cover;-moz-background-size:cover;-o-background-size:cover;background-size:cover;padding: 0px 0px 0px 0px;\"><style type=\"text\/css\"><\/style><div class=\"fusion-title title fusion-title-2 fusion-sep-none fusion-title-text fusion-title-size-two\" style=\"margin-top:0px;margin-right:0px;margin-bottom:31px;margin-left:0px;\"><h2 class=\"title-heading-left\" style=\"margin:0;\">Foodtruck<\/h2><\/div><span class=\" fusion-imageframe imageframe-none imageframe-1 hover-type-none\"><img decoding=\"async\" width=\"2025\" height=\"2025\" title=\"WhatsApp Image 2021-06-12 at 19.30.22\" src=\"https:\/\/elluchador.ch\/wp-content\/uploads\/WhatsApp-Image-2021-06-12-at-19.30.22.jpg\" alt class=\"img-responsive wp-image-3760\" srcset=\"https:\/\/elluchador.ch\/wp-content\/uploads\/WhatsApp-Image-2021-06-12-at-19.30.22-200x200.jpg 200w, https:\/\/elluchador.ch\/wp-content\/uploads\/WhatsApp-Image-2021-06-12-at-19.30.22-400x400.jpg 400w, https:\/\/elluchador.ch\/wp-content\/uploads\/WhatsApp-Image-2021-06-12-at-19.30.22-600x600.jpg 600w, https:\/\/elluchador.ch\/wp-content\/uploads\/WhatsApp-Image-2021-06-12-at-19.30.22-800x800.jpg 800w, https:\/\/elluchador.ch\/wp-content\/uploads\/WhatsApp-Image-2021-06-12-at-19.30.22-1200x1200.jpg 1200w, https:\/\/elluchador.ch\/wp-content\/uploads\/WhatsApp-Image-2021-06-12-at-19.30.22.jpg 2025w\" sizes=\"(max-width: 800px) 100vw, 600px\" \/><\/span><div class=\"fusion-sep-clear\"><\/div><div class=\"fusion-separator fusion-full-width-sep\" style=\"margin-left: auto;margin-right: auto;margin-bottom:10px;width:100%;\"><\/div><div class=\"fusion-sep-clear\"><\/div><div class=\"fusion-text fusion-text-2\"><p>Unser Foodtruck ist immer wieder in und um Z\u00fcrich unterwegs, um noch mehr Menschen auf den Geschmack von Tacos zu bringen.<\/p>\n<\/div><div class=\"fusion-text fusion-text-3\"><\/div><div class=\"fusion-clearfix\"><\/div><\/div><\/div><div class=\"fusion-layout-column fusion_builder_column fusion-builder-column-2 fusion_builder_column_1_2 1_2 fusion-one-half fusion-column-last\" style=\"width:50%;width:calc(50% - ( ( 4% ) * 0.5 ) );margin-top:0px;margin-bottom:20px;\"><div class=\"fusion-column-wrapper fusion-flex-column-wrapper-legacy\" style=\"background-position:left top;background-repeat:no-repeat;-webkit-background-size:cover;-moz-background-size:cover;-o-background-size:cover;background-size:cover;padding: 0px 0px 0px 0px;\"><style type=\"text\/css\"><\/style><div class=\"fusion-title title fusion-title-3 fusion-sep-none fusion-title-text fusion-title-size-two\" style=\"margin-top:0px;margin-right:0px;margin-bottom:31px;margin-left:0px;\"><h2 class=\"title-heading-left\" style=\"margin:0;\">Catering<\/h2><\/div><span class=\" fusion-imageframe imageframe-none imageframe-2 hover-type-none\"><img decoding=\"async\" width=\"2560\" height=\"1920\" title=\"IMG_8378\" src=\"https:\/\/elluchador.ch\/wp-content\/uploads\/IMG_8378-scaled.jpeg\" alt class=\"img-responsive wp-image-3820\" srcset=\"https:\/\/elluchador.ch\/wp-content\/uploads\/IMG_8378-200x150.jpeg 200w, https:\/\/elluchador.ch\/wp-content\/uploads\/IMG_8378-400x300.jpeg 400w, https:\/\/elluchador.ch\/wp-content\/uploads\/IMG_8378-600x450.jpeg 600w, https:\/\/elluchador.ch\/wp-content\/uploads\/IMG_8378-800x600.jpeg 800w, https:\/\/elluchador.ch\/wp-content\/uploads\/IMG_8378-1200x900.jpeg 1200w, https:\/\/elluchador.ch\/wp-content\/uploads\/IMG_8378-scaled.jpeg 2560w\" sizes=\"(max-width: 800px) 100vw, 600px\" \/><\/span><div class=\"fusion-sep-clear\"><\/div><div class=\"fusion-separator fusion-full-width-sep\" style=\"margin-left: auto;margin-right: auto;margin-bottom:10px;width:100%;\"><\/div><div class=\"fusion-sep-clear\"><\/div><div class=\"fusion-text fusion-text-4\"><p>Brauchst du ein besonderes Catering f\u00fcr eine Party, B\u00fcro-Anlass, Geburtstag, Hochzeitstag oder sonstiges Jubil\u00e4um? Dann ist unser Foodtruck genau das richtige f\u00fcr dich. Falls du keinen Platz hast einen Foodtruck aufzustellen, machen wir auch gerne ein herk\u00f6mmliches Catering.<\/p>\n<p>Gerne stellen wir dir ein Menu zusammen, das deinen Bed\u00fcrfnissen und W\u00fcnschen entspricht.<\/p>\n<p>Kontaktiere uns f\u00fcr mehr Informationen und eine Offerte per Telefon:<br \/>\n<i class=\"fas fa-phone\"><\/i> 044 271 72 00<\/p>\n<\/div><div class=\"fusion-clearfix\"><\/div><\/div><\/div><\/div><\/div><\/p>\n","protected":false},"excerpt":{"rendered":"","protected":false},"author":1,"featured_media":0,"parent":0,"menu_order":0,"comment_status":"closed","ping_status":"closed","template":"","meta":{"footnotes":""},"class_list":["post-15","page","type-page","status-publish","hentry"],"yoast_head":"<!-- This site is optimized with the Yoast SEO plugin v27.3 - https:\/\/yoast.com\/product\/yoast-seo-wordpress\/ -->\n<title>El Luchador: Die besten Tacos von Z\u00fcrich - Catering &amp; Food Truck<\/title>\n<meta name=\"description\" content=\"Die besten Tacos von Z\u00fcrich gibt es ab sofort auch ausserhalb des El Luchadors zu geniessen \u2013 mit unserem Food Truck kommen wir direkt zu dir!\" \/>\n<meta name=\"robots\" content=\"index, follow, max-snippet:-1, max-image-preview:large, max-video-preview:-1\" \/>\n<link rel=\"canonical\" href=\"https:\/\/elluchador.ch\/home\/home\/catering-food-truck\/\" \/>\n<meta property=\"og:locale\" content=\"de_DE\" \/>\n<meta property=\"og:type\" content=\"article\" \/>\n<meta property=\"og:title\" content=\"El Luchador: Die besten Tacos von Z\u00fcrich - Catering &amp; Food Truck\" \/>\n<meta property=\"og:description\" content=\"Die besten Tacos von Z\u00fcrich gibt es ab sofort auch ausserhalb des El Luchadors zu geniessen \u2013 mit unserem Food Truck kommen wir direkt zu dir!\" \/>\n<meta property=\"og:url\" content=\"https:\/\/elluchador.ch\/home\/home\/catering-food-truck\/\" \/>\n<meta property=\"og:site_name\" content=\"El Luchador\" \/>\n<meta property=\"article:modified_time\" content=\"2022-11-03T09:15:31+00:00\" \/>\n<meta name=\"twitter:card\" content=\"summary_large_image\" \/>\n<meta name=\"twitter:label1\" content=\"Gesch\u00e4tzte Lesezeit\" \/>\n\t<meta name=\"twitter:data1\" content=\"4\u00a0Minuten\" \/>\n<script type=\"application\/ld+json\" class=\"yoast-schema-graph\">{\"@context\":\"https:\\\/\\\/schema.org\",\"@graph\":[{\"@type\":\"WebPage\",\"@id\":\"https:\\\/\\\/elluchador.ch\\\/home\\\/home\\\/catering-food-truck\\\/\",\"url\":\"https:\\\/\\\/elluchador.ch\\\/home\\\/home\\\/catering-food-truck\\\/\",\"name\":\"El Luchador: Die besten Tacos von Z\u00fcrich - Catering & Food Truck\",\"isPartOf\":{\"@id\":\"https:\\\/\\\/elluchador.ch\\\/home\\\/home\\\/#website\"},\"datePublished\":\"2019-06-21T11:54:57+00:00\",\"dateModified\":\"2022-11-03T09:15:31+00:00\",\"description\":\"Die besten Tacos von Z\u00fcrich gibt es ab sofort auch ausserhalb des El Luchadors zu geniessen \u2013 mit unserem Food Truck kommen wir direkt zu dir!\",\"breadcrumb\":{\"@id\":\"https:\\\/\\\/elluchador.ch\\\/home\\\/home\\\/catering-food-truck\\\/#breadcrumb\"},\"inLanguage\":\"de-CH\",\"potentialAction\":[{\"@type\":\"ReadAction\",\"target\":[\"https:\\\/\\\/elluchador.ch\\\/home\\\/home\\\/catering-food-truck\\\/\"]}]},{\"@type\":\"BreadcrumbList\",\"@id\":\"https:\\\/\\\/elluchador.ch\\\/home\\\/home\\\/catering-food-truck\\\/#breadcrumb\",\"itemListElement\":[{\"@type\":\"ListItem\",\"position\":1,\"name\":\"Home\",\"item\":\"https:\\\/\\\/elluchador.ch\\\/home\\\/home\\\/\"},{\"@type\":\"ListItem\",\"position\":2,\"name\":\"Catering\\\/Food Truck\"}]},{\"@type\":\"WebSite\",\"@id\":\"https:\\\/\\\/elluchador.ch\\\/home\\\/home\\\/#website\",\"url\":\"https:\\\/\\\/elluchador.ch\\\/home\\\/home\\\/\",\"name\":\"El Luchador\",\"description\":\"mexikanisch Essen\",\"potentialAction\":[{\"@type\":\"SearchAction\",\"target\":{\"@type\":\"EntryPoint\",\"urlTemplate\":\"https:\\\/\\\/elluchador.ch\\\/home\\\/home\\\/?s={search_term_string}\"},\"query-input\":{\"@type\":\"PropertyValueSpecification\",\"valueRequired\":true,\"valueName\":\"search_term_string\"}}],\"inLanguage\":\"de-CH\"}]}<\/script>\n<!-- \/ Yoast SEO plugin. -->","yoast_head_json":{"title":"El Luchador: Die besten Tacos von Z\u00fcrich - Catering & Food Truck","description":"Die besten Tacos von Z\u00fcrich gibt es ab sofort auch ausserhalb des El Luchadors zu geniessen \u2013 mit unserem Food Truck kommen wir direkt zu dir!","robots":{"index":"index","follow":"follow","max-snippet":"max-snippet:-1","max-image-preview":"max-image-preview:large","max-video-preview":"max-video-preview:-1"},"canonical":"https:\/\/elluchador.ch\/home\/home\/catering-food-truck\/","og_locale":"de_DE","og_type":"article","og_title":"El Luchador: Die besten Tacos von Z\u00fcrich - Catering & Food Truck","og_description":"Die besten Tacos von Z\u00fcrich gibt es ab sofort auch ausserhalb des El Luchadors zu geniessen \u2013 mit unserem Food Truck kommen wir direkt zu dir!","og_url":"https:\/\/elluchador.ch\/home\/home\/catering-food-truck\/","og_site_name":"El Luchador","article_modified_time":"2022-11-03T09:15:31+00:00","twitter_card":"summary_large_image","twitter_misc":{"Gesch\u00e4tzte Lesezeit":"4\u00a0Minuten"},"schema":{"@context":"https:\/\/schema.org","@graph":[{"@type":"WebPage","@id":"https:\/\/elluchador.ch\/home\/home\/catering-food-truck\/","url":"https:\/\/elluchador.ch\/home\/home\/catering-food-truck\/","name":"El Luchador: Die besten Tacos von Z\u00fcrich - Catering & Food Truck","isPartOf":{"@id":"https:\/\/elluchador.ch\/home\/home\/#website"},"datePublished":"2019-06-21T11:54:57+00:00","dateModified":"2022-11-03T09:15:31+00:00","description":"Die besten Tacos von Z\u00fcrich gibt es ab sofort auch ausserhalb des El Luchadors zu geniessen \u2013 mit unserem Food Truck kommen wir direkt zu dir!","breadcrumb":{"@id":"https:\/\/elluchador.ch\/home\/home\/catering-food-truck\/#breadcrumb"},"inLanguage":"de-CH","potentialAction":[{"@type":"ReadAction","target":["https:\/\/elluchador.ch\/home\/home\/catering-food-truck\/"]}]},{"@type":"BreadcrumbList","@id":"https:\/\/elluchador.ch\/home\/home\/catering-food-truck\/#breadcrumb","itemListElement":[{"@type":"ListItem","position":1,"name":"Home","item":"https:\/\/elluchador.ch\/home\/home\/"},{"@type":"ListItem","position":2,"name":"Catering\/Food Truck"}]},{"@type":"WebSite","@id":"https:\/\/elluchador.ch\/home\/home\/#website","url":"https:\/\/elluchador.ch\/home\/home\/","name":"El Luchador","description":"mexikanisch Essen","potentialAction":[{"@type":"SearchAction","target":{"@type":"EntryPoint","urlTemplate":"https:\/\/elluchador.ch\/home\/home\/?s={search_term_string}"},"query-input":{"@type":"PropertyValueSpecification","valueRequired":true,"valueName":"search_term_string"}}],"inLanguage":"de-CH"}]}},"_links":{"self":[{"href":"https:\/\/elluchador.ch\/home\/home\/wp-json\/wp\/v2\/pages\/15","targetHints":{"allow":["GET"]}}],"collection":[{"href":"https:\/\/elluchador.ch\/home\/home\/wp-json\/wp\/v2\/pages"}],"about":[{"href":"https:\/\/elluchador.ch\/home\/home\/wp-json\/wp\/v2\/types\/page"}],"author":[{"embeddable":true,"href":"https:\/\/elluchador.ch\/home\/home\/wp-json\/wp\/v2\/users\/1"}],"replies":[{"embeddable":true,"href":"https:\/\/elluchador.ch\/home\/home\/wp-json\/wp\/v2\/comments?post=15"}],"version-history":[{"count":17,"href":"https:\/\/elluchador.ch\/home\/home\/wp-json\/wp\/v2\/pages\/15\/revisions"}],"predecessor-version":[{"id":3966,"href":"https:\/\/elluchador.ch\/home\/home\/wp-json\/wp\/v2\/pages\/15\/revisions\/3966"}],"wp:attachment":[{"href":"https:\/\/elluchador.ch\/home\/home\/wp-json\/wp\/v2\/media?parent=15"}],"curies":[{"name":"wp","href":"https:\/\/api.w.org\/{rel}","templated":true}]}}